{"id":678,"date":"2016-05-05T07:53:15","date_gmt":"2016-05-05T05:53:15","guid":{"rendered":"http:\/\/www.cantinetoniatti.com\/?page_id=678\/"},"modified":"2026-01-23T12:55:33","modified_gmt":"2026-01-23T11:55:33","slug":"home-1","status":"publish","type":"page","link":"https:\/\/www.cantinetoniatti.com\/de\/","title":{"rendered":"Home 1"},"content":{"rendered":"<p>[vc_row][vc_column width=&#8220;1\/2&#8243; css=&#8220;.vc_custom_1463642208790{margin-top: 0.25rem !important;}&#8220;]<div class=\"sc_section margin_top_medium aligncenter\"><div class=\"sc_section_inner\"><div class=\"sc_section_content_wrap\">[vc_single_image image=&#8220;2495&#8243; img_size=&#8220;full&#8220; add_caption=&#8220;yes&#8220; alignment=&#8220;center&#8220; onclick=&#8220;custom_link&#8220; img_link_target=&#8220;_blank&#8220; link=&#8220;https:\/\/wineparis.com\/newfront\/&#8220;]<\/div><\/div><\/div>[\/vc_column][vc_column width=&#8220;1\/2&#8243;]<div class=\"sc_section margin_top_medium aligncenter\"><div class=\"sc_section_inner\"><div class=\"sc_section_content_wrap\">[vc_single_image image=&#8220;2492&#8243; img_size=&#8220;full&#8220; add_caption=&#8220;yes&#8220; alignment=&#8220;center&#8220; onclick=&#8220;custom_link&#8220; img_link_target=&#8220;_blank&#8220; link=&#8220;https:\/\/www.eurovino.info\/de\/&#8220;]<\/div><\/div><\/div>[\/vc_column][\/vc_row][vc_row][vc_column]<div class=\"sc_section\"><div class=\"sc_section_inner\"><div class=\"sc_section_content_wrap\">[vc_column_text]<\/p>\n<p style=\"text-align: center;\">Cantine Toniatti GIACOMETTI wird vom <strong data-start=\"238\" data-end=\"260\">9. bis 11. Februar<\/strong> in Paris auf der <strong data-start=\"278\" data-end=\"297\">WINE PARIS 2026<\/strong> am Stand H5.1 G 041.12\u00a0vertreten sein<br data-start=\"138\" data-end=\"141\" \/>sowie auf der <strong data-start=\"155\" data-end=\"167\">EUROVINO<\/strong> in Karlsruhe am <strong data-start=\"184\" data-end=\"202\">1. und 2. M\u00e4rz<\/strong>.<\/p>\n<p>[\/vc_column_text]<\/div><\/div><\/div>[\/vc_column][\/vc_row][vc_row][vc_column css=&#8220;.vc_custom_1463642208790{margin-top: 0.25rem !important;}&#8220;]<div class=\"sc_parallax margin_top_huge\" data-parallax-speed=\"0\" data-parallax-x-pos=\"100%\" data-parallax-y-pos=\"50%\"><div class=\"sc_parallax_content\" style=\"background-image:url(https:\/\/www.cantinetoniatti.com\/wp-content\/uploads\/2021\/03\/box-legno-bicchiere-2-vini-toniatti.jpg); background-position:100% 50%;\"><div class=\"sc_section alignright column-1_3\" style=\"text-align: right;\"><div class=\"sc_section_inner\"><div class=\"sc_section_content_wrap\"><a href=\"storia\/\" class=\"sc_button sc_button_square sc_button_style_filled sc_button_size_medium margin_top_super_huge  sc_button_iconed icon-arrow\">Geschichte<\/a><\/div><\/div><\/div><div class=\"sc_section margin_top_null margin_right_null margin_bottom_null margin_left_null section_style_inverse alignleft\" style=\"max-width:470px; text-align: center;\"><div class=\"sc_section_inner\"><h6 class=\"sc_section_subtitle sc_item_subtitle\">Willkommen<\/h6><h3 class=\"sc_section_title sc_item_title\">Qualit\u00e4tsweine<\/h3><div class=\"sc_section_descr sc_item_descr\">In Bevazzana, ein kleines Dorf zwischen S. Michele al Tagliamento und Lignano Sabbiadoro, liegt das antike Herz des Bauernhofs von Dr. Domenico Toniatti Giacometti, f\u00fcr den Anbau der Weinreben. Im Herzen des Bauernhofs, auch f\u00fcr den Anbau von Obstg\u00e4rten, Samen und Graspflanzen verwendet, macht man jedes Jahr eine gro\u00dfe Auswahl von Weinen, die in den L\u00e4ndern neben das Meer, D\u00fcfte in Wei\u00dfweine und fruchtige Gef\u00fchle in Rotweine entwickeln.<\/div><div class=\"sc_section_content_wrap\"><figure class=\"sc_image  sc_image_shape_square\" style=\"margin-top: 2.35rem;margin-bottom: 4.4rem;\"><img src=\"https:\/\/www.cantinetoniatti.com\/wp-content\/uploads\/2016\/05\/firma-small.png\" alt=\"\" \/><\/figure><\/div><\/div><\/div><\/div><\/div>[\/vc_column][\/vc_row][vc_row][vc_column css=&#8220;.vc_custom_1463642046887{margin-bottom: 0.45rem !important;}&#8220;]<div class=\"sc_section aligncenter\"><div class=\"sc_section_inner\"><h6 class=\"sc_section_subtitle sc_item_subtitle\">Unsere Vorschl\u00e4ge<\/h6><h3 class=\"sc_section_title sc_item_title\">Weine und Produkte<\/h3><div class=\"sc_section_content_wrap\"><div id=\"sc_team_767550286_wrap\" class=\"sc_team_wrap\"><div id=\"sc_team_767550286\" class=\"sc_team sc_team_style_team-3  margin_top_large margin_bottom_large aligncenter\" style=\"width:100%;\"><div class=\"sc_columns columns_wrap\"><div class=\"column-1_5 column_padding_bottom\">\t\t\t<div id=\"sc_team_767550286_1\"\t\t\t\tclass=\"sc_team_item sc_team_item_1 odd first\"\n\t\t\t\t>\n\t\t\t\t<div class=\"sc_team_item_avatar\"><img class=\"wp-post-image\" width=\"540\" height=\"580\" alt=\"vini-toniatti-home-bianchi.jpg\" src=\"https:\/\/www.cantinetoniatti.com\/wp-content\/uploads\/2017\/06\/vini-toniatti-home-bianchi-540x580.jpg\">\t\t\t\t\t<div class=\"sc_team_item_hover\">\n\t\t\t\t\t\t<div class=\"sc_team_item_socials\"><\/div>\n\t\t\t\t\t<\/div>\n\t\t\t\t<\/div>\n\t\t\t\t<div class=\"sc_team_item_info\">\n                    \t\t\t\t\t<h5 class=\"sc_team_item_title\"><a href=\"\/de\/vini-bianchi\/\">Weissweine<\/a><\/h5>\n\t\t\t\t\t<div class=\"sc_team_item_position\"><\/div>\n\t\t\t\t<\/div>\n\t\t\t<\/div>\n\t\t<\/div><div class=\"column-1_5 column_padding_bottom\">\t\t\t<div id=\"sc_team_767550286_2\"\t\t\t\tclass=\"sc_team_item sc_team_item_2 even\"\n\t\t\t\t>\n\t\t\t\t<div class=\"sc_team_item_avatar\"><img class=\"wp-post-image\" width=\"540\" height=\"580\" alt=\"irosati.png\" src=\"https:\/\/www.cantinetoniatti.com\/wp-content\/uploads\/2020\/09\/irosati-540x580.png\">\t\t\t\t\t<div class=\"sc_team_item_hover\">\n\t\t\t\t\t\t<div class=\"sc_team_item_socials\"><\/div>\n\t\t\t\t\t<\/div>\n\t\t\t\t<\/div>\n\t\t\t\t<div class=\"sc_team_item_info\">\n                    \t\t\t\t\t<h5 class=\"sc_team_item_title\"><a href=\"\/de\/vini-rosati\/\">Ros\u00e9weine<\/a><\/h5>\n\t\t\t\t\t<div class=\"sc_team_item_position\"><\/div>\n\t\t\t\t<\/div>\n\t\t\t<\/div>\n\t\t<\/div><div class=\"column-1_5 column_padding_bottom\">\t\t\t<div id=\"sc_team_767550286_3\"\t\t\t\tclass=\"sc_team_item sc_team_item_3 odd\"\n\t\t\t\t>\n\t\t\t\t<div class=\"sc_team_item_avatar\"><img class=\"wp-post-image\" width=\"540\" height=\"580\" alt=\"vini-toniatti-home-rossi.jpg\" src=\"https:\/\/www.cantinetoniatti.com\/wp-content\/uploads\/2017\/06\/vini-toniatti-home-rossi-540x580.jpg\">\t\t\t\t\t<div class=\"sc_team_item_hover\">\n\t\t\t\t\t\t<div class=\"sc_team_item_socials\"><\/div>\n\t\t\t\t\t<\/div>\n\t\t\t\t<\/div>\n\t\t\t\t<div class=\"sc_team_item_info\">\n                    \t\t\t\t\t<h5 class=\"sc_team_item_title\"><a href=\"\/de\/vini-rossi\/\">Rotweine<\/a><\/h5>\n\t\t\t\t\t<div class=\"sc_team_item_position\"><\/div>\n\t\t\t\t<\/div>\n\t\t\t<\/div>\n\t\t<\/div><div class=\"column-1_5 column_padding_bottom\">\t\t\t<div id=\"sc_team_767550286_4\"\t\t\t\tclass=\"sc_team_item sc_team_item_4 even\"\n\t\t\t\t>\n\t\t\t\t<div class=\"sc_team_item_avatar\"><img class=\"wp-post-image\" width=\"540\" height=\"580\" alt=\"vini-toniatti-home-selezioni-540x580le-selezioni.jpg\" src=\"https:\/\/www.cantinetoniatti.com\/wp-content\/uploads\/2017\/09\/vini-toniatti-home-selezioni-540x580le-selezioni-540x580.jpg\">\t\t\t\t\t<div class=\"sc_team_item_hover\">\n\t\t\t\t\t\t<div class=\"sc_team_item_socials\"><\/div>\n\t\t\t\t\t<\/div>\n\t\t\t\t<\/div>\n\t\t\t\t<div class=\"sc_team_item_info\">\n                    \t\t\t\t\t<h5 class=\"sc_team_item_title\"><a href=\"\/de\/selezioni\/\">Die Auslese<\/a><\/h5>\n\t\t\t\t\t<div class=\"sc_team_item_position\"><\/div>\n\t\t\t\t<\/div>\n\t\t\t<\/div>\n\t\t<\/div><div class=\"column-1_5 column_padding_bottom\">\t\t\t<div id=\"sc_team_767550286_5\"\t\t\t\tclass=\"sc_team_item sc_team_item_5 odd\"\n\t\t\t\t>\n\t\t\t\t<div class=\"sc_team_item_avatar\"><img class=\"wp-post-image\" width=\"540\" height=\"580\" alt=\"vini-toniatti-home-spumanti.jpg\" src=\"https:\/\/www.cantinetoniatti.com\/wp-content\/uploads\/2017\/06\/vini-toniatti-home-spumanti-540x580.jpg\">\t\t\t\t\t<div class=\"sc_team_item_hover\">\n\t\t\t\t\t\t<div class=\"sc_team_item_socials\"><\/div>\n\t\t\t\t\t<\/div>\n\t\t\t\t<\/div>\n\t\t\t\t<div class=\"sc_team_item_info\">\n                    \t\t\t\t\t<h5 class=\"sc_team_item_title\"><a href=\"\/de\/vini-spumanti\/\">Perlweine<\/a><\/h5>\n\t\t\t\t\t<div class=\"sc_team_item_position\"><\/div>\n\t\t\t\t<\/div>\n\t\t\t<\/div>\n\t\t<\/div><\/div><\/div><!-- \/.sc_team --><\/div><!-- \/.sc_team_wrap --><\/div><\/div><\/div>[\/vc_column][\/vc_row][vc_row css=&#8220;.vc_custom_1769169330455{margin-bottom: 50px !important;}&#8220;][vc_column]<div class=\"sc_section\"><div class=\"sc_section_inner\"><h3 class=\"sc_section_title sc_item_title\">Wir sind im Weinf\u00fchrer Gambero Rosso Vini d'Italia 2026 vertreten<\/h3><div class=\"sc_section_content_wrap\"><div class=\"columns_wrap sc_columns columns_nofluid sc_columns_count_2\"><div class=\"column-1_2 sc_column_item sc_column_item_1 odd first\">[vc_single_image image=&#8220;2507&#8243; img_size=&#8220;full&#8220; alignment=&#8220;center&#8220;]<\/div><div class=\"column-1_2 sc_column_item sc_column_item_2 even\">[vc_single_image image=&#8220;2504&#8243; img_size=&#8220;full&#8220; alignment=&#8220;center&#8220;]<\/div><\/div><\/div><\/div><\/div>[\/vc_column][\/vc_row][vc_row full_width=&#8220;stretch_row&#8220; css=&#8220;.vc_custom_1496936534917{background-image: url(http:\/\/www.cantinetoniatti.com\/wp-content\/uploads\/2016\/05\/bg1.jpg?id=710) !important;background-position: center !important;background-repeat: no-repeat !important;background-size: cover !important;}&#8220;][vc_column]<div class=\"columns_wrap sc_columns columns_nofluid sc_columns_count_12\" style=\"margin-top: 3.5rem;margin-bottom: 3.25rem;\"><div class=\"column-5_12 sc_column_item sc_column_item_1 odd first span_5\" style=\"text-align:left;\"><div class=\"sc_section margin_top_huge margin_bottom_huge aligncenter\"><div class=\"sc_section_inner\"><h6 class=\"sc_section_subtitle sc_item_subtitle\">Territorium<\/h6><div class=\"sc_section_content_wrap\"><h1 class=\"sc_title sc_title_underline sc_align_center margin_bottom_medium\" style=\"margin-top: 1.65rem;line-height: 1;text-align:center;color:#ffffff;\">Klima und Boden<\/h1><a href=\"territorio\/\" class=\"sc_button sc_button_square sc_button_style_border sc_button_size_large light  sc_button_iconed icon-arrow\">Entdecken<\/a><\/div><\/div><\/div><\/div><div class=\"column-7_12 sc_column_item sc_column_item_6 even span_7\"><\/div><\/div>[\/vc_column][\/vc_row][vc_row css=&#8220;.vc_custom_1497445925926{margin-bottom: 50px !important;}&#8220;][vc_column width=&#8220;1\/2&#8243;]<div class=\"sc_section margin_top_huge\" style=\"margin-bottom: 1.9rem;background-image:url(https:\/\/www.cantinetoniatti.com\/wp-content\/uploads\/2016\/05\/cantina-opaco-2.jpg);background-repeat:no-repeat;background-size:cover;\"><div class=\"sc_section_inner\"><div class=\"sc_section_overlay\" style=\"\"><div class=\"sc_section_content padding_on\" style=\"\"><div class=\"sc_section_content_wrap\"><h4 class=\"sc_title sc_title_regular\" style=\"color: #ffffff;margin-left: 1.6rem;margin-top: 2.7rem;max-width: 250px;line-height: 1;margin-bottom: 1.2rem;color:#ffffff;\">La Cantina Toniatti<\/h4><div class=\"sc_section sc_section_block \" style=\"margin-left: 1.7rem;max-width: 150px;\"><div class=\"sc_section_inner\"><div class=\"sc_section_content_wrap\"><span class=\"sc_highlight\" style=\"color:#ffffff;\">Hohe friaulische Qualit\u00e4t<\/span><\/div><\/div><\/div><a href=\"cantina\/\" class=\"sc_button sc_button_square sc_button_style_icon sc_button_size_small  sc_button_iconed icon-arrow\" style=\"margin-top: 2.35rem;margin-left: 1.8rem;margin-bottom: 1.6rem;\"><\/a><\/div><\/div><\/div><\/div><\/div>[\/vc_column][vc_column width=&#8220;1\/2&#8243;]<div class=\"sc_section margin_top_huge\" style=\"margin-bottom: 1.9rem;background-image:url(https:\/\/www.cantinetoniatti.com\/wp-content\/uploads\/2016\/05\/157420211-1.jpg);background-repeat:no-repeat;background-size:cover;\"><div class=\"sc_section_inner\"><div class=\"sc_section_overlay\" style=\"\"><div class=\"sc_section_content padding_on\" style=\"\"><div class=\"sc_section_content_wrap\"><h4 class=\"sc_title sc_title_regular\" style=\"color: #ffffff;margin-left: 1.6rem;margin-top: 2.7rem;max-width: 250px;line-height: 1;margin-bottom: 1.2rem;color:#ffffff;\">Wine Resorts<\/h4><div class=\"sc_section sc_section_block \" style=\"margin-left: 1.7rem;max-width: 150px;\"><div class=\"sc_section_inner\"><div class=\"sc_section_content_wrap\"><span class=\"sc_highlight\" style=\"color:#ffffff;\">La Casa Gioconda &amp;<br \/>\nLa Casa Gioia<\/span><\/div><\/div><\/div><a href=\"http:\/\/www.cantinetoniatti.com\/en\/wine-resorts\/\" target=\"_blank\" class=\"sc_button sc_button_square sc_button_style_icon sc_button_size_small  sc_button_iconed icon-arrow\" style=\"margin-top: 2.35rem;margin-left: 1.8rem;margin-bottom: 1.6rem;\"><\/a><\/div><\/div><\/div><\/div><\/div>[\/vc_column][\/vc_row]<\/p>\n","protected":false},"excerpt":{"rendered":"<p>[vc_row][vc_column width=&#8220;1\/2&#8243; css=&#8220;.vc_custom_1463642208790{margin-top: 0.25rem !important;}&#8220;][\/vc_column][vc_column width=&#8220;1\/2&#8243;][\/vc_column][\/vc_row][vc_row][vc_column][\/vc_column][\/vc_row][vc_row][vc_column css=&#8220;.vc_custom_1463642208790{margin-top: 0.25rem !important;}&#8220;][\/vc_column][\/vc_row][vc_row][vc_column css=&#8220;.vc_custom_1463642046887{margin-bottom: 0.45rem !important;}&#8220;][\/vc_column][\/vc_row][vc_row css=&#8220;.vc_custom_1769169330455{margin-bottom: 50px !important;}&#8220;][vc_column][\/vc_column][\/vc_row][vc_row full_width=&#8220;stretch_row&#8220; css=&#8220;.vc_custom_1496936534917{background-image: url(http:\/\/www.cantinetoniatti.com\/wp-content\/uploads\/2016\/05\/bg1.jpg?id=710) !important;background-position: center !important;background-repeat: no-repeat !important;background-size: cover !important;}&#8220;][vc_column][\/vc_column][\/vc_row][vc_row css=&#8220;.vc_custom_1497445925926{margin-bottom: 50px !important;}&#8220;][vc_column width=&#8220;1\/2&#8243;][\/vc_column][vc_column width=&#8220;1\/2&#8243;][\/vc_column][\/vc_row]<\/p>\n","protected":false},"author":1,"featured_media":0,"parent":0,"menu_order":0,"comment_status":"closed","ping_status":"closed","template":"","meta":[],"_links":{"self":[{"href":"https:\/\/www.cantinetoniatti.com\/de\/wp-json\/wp\/v2\/pages\/678"}],"collection":[{"href":"https:\/\/www.cantinetoniatti.com\/de\/wp-json\/wp\/v2\/pages"}],"about":[{"href":"https:\/\/www.cantinetoniatti.com\/de\/wp-json\/wp\/v2\/types\/page"}],"author":[{"embeddable":true,"href":"https:\/\/www.cantinetoniatti.com\/de\/wp-json\/wp\/v2\/users\/1"}],"replies":[{"embeddable":true,"href":"https:\/\/www.cantinetoniatti.com\/de\/wp-json\/wp\/v2\/comments?post=678"}],"version-history":[{"count":13,"href":"https:\/\/www.cantinetoniatti.com\/de\/wp-json\/wp\/v2\/pages\/678\/revisions"}],"predecessor-version":[{"id":2511,"href":"https:\/\/www.cantinetoniatti.com\/de\/wp-json\/wp\/v2\/pages\/678\/revisions\/2511"}],"wp:attachment":[{"href":"https:\/\/www.cantinetoniatti.com\/de\/wp-json\/wp\/v2\/media?parent=678"}],"curies":[{"name":"wp","href":"https:\/\/api.w.org\/{rel}","templated":true}]}}